{"id":47,"date":"2015-07-18T11:11:50","date_gmt":"2015-07-18T09:11:50","guid":{"rendered":"http:\/\/www.gunter-stemmler.de\/?page_id=47"},"modified":"2023-07-30T16:52:19","modified_gmt":"2023-07-30T14:52:19","slug":"glauben-leben","status":"publish","type":"page","link":"https:\/\/gunter-stemmler.de\/?page_id=47","title":{"rendered":"Glauben &#038; Leben"},"content":{"rendered":"<p><a href=\"https:\/\/gunter-stemmler.de\/wp-content\/uploads\/2015\/07\/ManNehme20161.pdf\" target=\"_blank\" rel=\"noopener noreferrer\"><img loading=\"lazy\" decoding=\"async\" class=\"alignnone wp-image-244\" src=\"http:\/\/www.gunter-stemmler.de\/wp-content\/uploads\/2016\/04\/man-nehme-200x300.png\" alt=\"Man nehme\" width=\"133\" height=\"200\" srcset=\"https:\/\/gunter-stemmler.de\/wp-content\/uploads\/2016\/04\/man-nehme-200x300.png 200w, https:\/\/gunter-stemmler.de\/wp-content\/uploads\/2016\/04\/man-nehme.png 266w\" sizes=\"auto, (max-width: 133px) 100vw, 133px\" \/><\/a><a href=\"https:\/\/gunter-stemmler.de\/wp-content\/uploads\/2015\/07\/Plastikleben2016.pdf\" target=\"_blank\" rel=\"noopener noreferrer\"><img loading=\"lazy\" decoding=\"async\" class=\"alignright wp-image-245\" src=\"http:\/\/www.gunter-stemmler.de\/wp-content\/uploads\/2016\/04\/plastik-leben-191x300.png\" alt=\"Plastikleben\" width=\"127\" height=\"200\" srcset=\"https:\/\/gunter-stemmler.de\/wp-content\/uploads\/2016\/04\/plastik-leben-191x300.png 191w, https:\/\/gunter-stemmler.de\/wp-content\/uploads\/2016\/04\/plastik-leben.png 255w\" sizes=\"auto, (max-width: 127px) 100vw, 127px\" \/><\/a><\/p>\n<p>\u201eGunter Stemmler, Jahrgang 1960, besitzt langj\u00e4hrige Erfahrung in evangelischer Jugendarbeit als Mitarbeiter, Gr\u00fcnder und Leiter von christlichen Jugendkreisen in Schule und Gemeinde.\u201c aus: <a href=\"https:\/\/gunter-stemmler.de\/wp-content\/uploads\/2015\/07\/ManNehme20161.pdf\">Man nehme &#8230;<\/a> Praktische Rezepte f\u00fcr die christliche Jugendarbeit, Kassel 1988. (Tips und Themen, Band 3) <a href=\"\/wp-content\/uploads\/2015\/07\/ManN16DINA4reduz.pdf\">[Man nehme: Fassung 2016 in DIN A4]<\/a><\/p>\n<p>Ich war jahrelang in mehreren Kirchenvorst\u00e4nden aktiv. In Frankfurt am Main geh\u00f6rte ich zur Trinity Lutheran Church. Gegenw\u00e4rtig forsche ich zum Aberglauben als Motiv von M\u00e4zenen.<\/p>\n<p><a href=\"https:\/\/www.pfarrerverband.de\/pfarrerblatt\/archiv?tx_pvpfarrerblatt_pi1%5Baction%5D=show&amp;tx_pvpfarrerblatt_pi1%5Bcontroller%5D=Item&amp;tx_pvpfarrerblatt_pi1%5BitemId%5D=5003&amp;cHash=0b3e936290be6774a4de6b5c607753c3\">Minimal ritualisierter Aberglaube<\/a>. Von der Nemesis \u00fcber D\u00fcrer bis zum Volksglauben, in: Deutsches Pfarrerblatt, 120, 2020, S. 358-362.<\/p>\n<p><a href=\"https:\/\/gunter-stemmler.de\/wp-content\/uploads\/2022\/05\/Stiftungs-Predigt.pdf\">Stiftungs-Predigt<\/a><span style=\"font-size: revert;\"> \u201eN\u00e4chstenliebe, Anerkennung, Erinnerung. Motive Frankfurter Stifter\u201c in der Hoffnungsgemeinde, Matth\u00e4uskirche, Frankfurt am Main am 2. November 2014 zur Predigtreihe \u201eVergessen verl\u00e4ngert das Exil\u201c bei<\/span>\u00a0\u201eMatth\u00e4us macht Programm\u201c<span style=\"font-size: revert;\">.<\/span><\/p>\n<p><a href=\"\/wp-content\/uploads\/2015\/07\/TextRefl.pdf\">K\u00e4mpferisch und stolz<\/a> &#8211; aber auch gl\u00fccklich?, in: Reflexionen. Themen f\u00fcr Menschen in Verantwortung, 43, 2003, H. 5, S. 14-17.<\/p>\n<p><a href=\"\/wp-content\/uploads\/2015\/07\/Plastikleben2016.pdf\">Plastikleben<\/a>. Ersatz befriedigt nicht, Stuttgart 1990.<\/p>\n<p>Eine Geschichte der Geh\u00f6rlosenschule in Frankfurt am Main, Hamburg 2020.<\/p>\n<p><a href=\"\/wp-content\/uploads\/2015\/07\/Die-Sch\u00f6nheit-Christi.pdf\">Die Sch\u00f6nheit Christi<\/a>, in: Deutsches Pfarrerblatt, 111, 2011, S. 439.<\/p>\n<p><a href=\"\/wp-content\/uploads\/2015\/07\/Gottesbeweis.pdf\">Der mortalische Gottesbeweis<\/a>, in: Deutsches Pfarrerblatt, 110, 2010, S. 275.<\/p>\n<p><a href=\"\/wp-content\/uploads\/2015\/07\/WebTextPolitiker.pdf\">B\u00fcrger beeinflussen Politiker.<\/a><\/p>\n<figure id=\"attachment_45\" aria-describedby=\"caption-attachment-45\" style=\"width: 300px\" class=\"wp-caption alignright\"><img loading=\"lazy\" decoding=\"async\" class=\"wp-image-45 size-medium\" src=\"http:\/\/www.gunter-stemmler.de\/wp-content\/uploads\/2015\/07\/IMG_2311-300x200.jpg\" alt=\"&amp;copy; Stefan Kunkel 2014\" width=\"300\" height=\"200\" srcset=\"https:\/\/gunter-stemmler.de\/wp-content\/uploads\/2015\/07\/IMG_2311-300x200.jpg 300w, https:\/\/gunter-stemmler.de\/wp-content\/uploads\/2015\/07\/IMG_2311-1024x682.jpg 1024w, https:\/\/gunter-stemmler.de\/wp-content\/uploads\/2015\/07\/IMG_2311.jpg 1280w\" sizes=\"auto, (max-width: 300px) 100vw, 300px\" \/><figcaption id=\"caption-attachment-45\" class=\"wp-caption-text\">\u00a9 Stefan Kunkel 2014<\/figcaption><\/figure>\n<figure id=\"attachment_46\" aria-describedby=\"caption-attachment-46\" style=\"width: 300px\" class=\"wp-caption alignnone\"><img loading=\"lazy\" decoding=\"async\" class=\"wp-image-46 size-medium\" title=\"(c) 2014 Stefan Kunkel\" src=\"http:\/\/www.gunter-stemmler.de\/wp-content\/uploads\/2015\/07\/IMG_2317-300x201.jpg\" alt=\"&amp;copy; Stefan Kunkel 2014\" width=\"300\" height=\"201\" srcset=\"https:\/\/gunter-stemmler.de\/wp-content\/uploads\/2015\/07\/IMG_2317-300x201.jpg 300w, https:\/\/gunter-stemmler.de\/wp-content\/uploads\/2015\/07\/IMG_2317-1024x687.jpg 1024w, https:\/\/gunter-stemmler.de\/wp-content\/uploads\/2015\/07\/IMG_2317.jpg 1153w\" sizes=\"auto, (max-width: 300px) 100vw, 300px\" \/><figcaption id=\"caption-attachment-46\" class=\"wp-caption-text\">\u00a9 Stefan Kunkel 2014<\/figcaption><\/figure>\n","protected":false},"excerpt":{"rendered":"<p>\u201eGunter Stemmler, Jahrgang 1960, besitzt langj\u00e4hrige Erfahrung in evangelischer Jugendarbeit als Mitarbeiter, Gr\u00fcnder und Leiter von christlichen Jugendkreisen in Schule und Gemeinde.\u201c aus: Man nehme &#8230; Praktische Rezepte f\u00fcr die christliche Jugendarbeit, Kassel 1988. (Tips und Themen, Band 3) [Man nehme: Fassung 2016 in DIN A4] Ich war jahrelang in mehreren Kirchenvorst\u00e4nden aktiv. In Frankfurt [&hellip;]<\/p>\n","protected":false},"author":1,"featured_media":0,"parent":0,"menu_order":0,"comment_status":"closed","ping_status":"open","template":"","meta":{"footnotes":""},"class_list":["post-47","page","type-page","status-publish","hentry"],"_links":{"self":[{"href":"https:\/\/gunter-stemmler.de\/index.php?rest_route=\/wp\/v2\/pages\/47","targetHints":{"allow":["GET"]}}],"collection":[{"href":"https:\/\/gunter-stemmler.de\/index.php?rest_route=\/wp\/v2\/pages"}],"about":[{"href":"https:\/\/gunter-stemmler.de\/index.php?rest_route=\/wp\/v2\/types\/page"}],"author":[{"embeddable":true,"href":"https:\/\/gunter-stemmler.de\/index.php?rest_route=\/wp\/v2\/users\/1"}],"replies":[{"embeddable":true,"href":"https:\/\/gunter-stemmler.de\/index.php?rest_route=%2Fwp%2Fv2%2Fcomments&post=47"}],"version-history":[{"count":42,"href":"https:\/\/gunter-stemmler.de\/index.php?rest_route=\/wp\/v2\/pages\/47\/revisions"}],"predecessor-version":[{"id":406,"href":"https:\/\/gunter-stemmler.de\/index.php?rest_route=\/wp\/v2\/pages\/47\/revisions\/406"}],"wp:attachment":[{"href":"https:\/\/gunter-stemmler.de\/index.php?rest_route=%2Fwp%2Fv2%2Fmedia&parent=47"}],"curies":[{"name":"wp","href":"https:\/\/api.w.org\/{rel}","templated":true}]}}