{"id":56,"date":"2015-07-18T11:52:16","date_gmt":"2015-07-18T09:52:16","guid":{"rendered":"http:\/\/www.gunter-stemmler.de\/?page_id=56"},"modified":"2023-07-30T16:54:34","modified_gmt":"2023-07-30T14:54:34","slug":"ehrungen-auszeichnungen","status":"publish","type":"page","link":"https:\/\/gunter-stemmler.de\/?page_id=56","title":{"rendered":"Ehrungen &#038; Auszeichnungen"},"content":{"rendered":"<p>Gunter Stemmler \u201ewar w\u00e4hrend seines Geschichtsstudiums an der Universit\u00e4t Hannover Wisenschaftliche Hilfskraft vor allem bei Prof. Dr. Brigide Schwarz und Prof. Dr. Otto Gerhard Oexle. Er arbeitete von 1987 bis 1992 als Wissenschaftlicher Mitarbeiter der Fachjournalistik Geschichte an der Justus-Liebig-Universit\u00e4t Gie\u00dfen.\u201c \u201eStemmler wurde 2001 an der Goethe-Universit\u00e4t promoviert &#8230;\u00b4; sein Doktorvater war Prof. Dr. Lothar Gall\u201c, der Zweitgutachter Prof. Dr. Johannes Fried. aus: <a href=\"https:\/\/gunter-stemmler.de\/wp-content\/uploads\/2015\/07\/stemmler_ehre-wem-ehre-gebuehrt.pdf\">Ehre, wem Ehre geb\u00fchrt. Ein Erinnern an Ehrenb\u00fcrger und Ehrensenatoren<\/a>, in: Forschung Frankfurt. Wissenschaftsmagazin der Goethe-Universit\u00e4t, 27, 2009, H. 3, S. 106-109.<\/p>\n<p>\u201eEr forscht \u00fcber das Aufkommen und die Ausbreitung kommunaler und universit\u00e4rer Ehrungen. Er ist bei der Stadt Frankfurt am Main t\u00e4tig und befa\u00dft[e] sich .. mit der Historie st\u00e4dtischer Stiftungen.\u201c aus: Die Vermessung der Ehre. Zur Geschichte der Ehrenb\u00fcrger, Ehrensenatoren sowie Ehrenmitglieder an deutschen Hochschulen und an der Universit\u00e4t Frankfurt, Frankfurt am Main u. a. 2012.<\/p>\n<p><a href=\"https:\/\/repository.difu.de\/jspui\/bitstream\/difu\/221419\/1\/DM14040401.pdf\">Zierde und Zeichen &#8211; die B\u00fcrgermeisterkette,<\/a> (Sonderdruck des Deutschen Instituts f\u00fcr Urbanistik, Berlin) Dezember 2001.<\/p>\n<p><a href=\"https:\/\/repository.difu.de\/jspui\/bitstream\/difu\/226360\/1\/DM16042138.pdf\">Gunst und Glanz &#8211; das Goldene Buch der St\u00e4dte<\/a>, (Sonderdruck des Deutschen Instituts f\u00fcr Urbanistik, Berlin) Dezember 2007.<\/p>\n<p><a href=\"https:\/\/repository.difu.de\/jspui\/bitstream\/difu\/226361\/1\/DM16042139.pdf\">Starke St\u00e4dter &#8211; die EhrenB\u00fcrgerW\u00fcrde<\/a>, (Sonderdruck des Deutschen Instituts f\u00fcr Urbanistik, Berlin) Dezember 2008.<\/p>\n<p>(Jeweils pdf-Versionen Difu online seit Anfang 2014.)<\/p>\n<p>Die Amtskette des B\u00fcrgermeisters. Ihre Geschichte sowie ihre historische Einordnung in Deutschland, Frankfurt am Main u. a. 2002.<\/p>\n<p>Die goldene bulla des Triumphators. Zweifel an ihrer Authentizit\u00e4t, in: Klio. Beitr\u00e4ge zur Alten Geschichte, 85, 2003, H. 1, S. 212-216.<\/p>\n<p>Die \u201eB\u00fcrgermeisterkette\u201c in Franz Pforrs Gem\u00e4lde \u00b4Der Einzug des K\u00f6nigs Rudolf von Habsburg in Basel 1273\u00b4. Anregungen, Vorlagen und historische Hinweise, in: St\u00e4del-Jahrbuch, N.F., 20, 2009, S. 219-236.<\/p>\n<p>Die Ehrenb\u00fcrger der Hochschulen. Das Beispiel der Universit\u00e4t Frankfurt am Main, in: Jahrbuch f\u00fcr Universit\u00e4tsgeschichte, 14, 2011, S. 221-228.<\/p>\n<p>Der Ehrenring &#8211; eine junge Auszeichnung, in: Herold-Jahrbuch, N.F. 16, 2011, S. 231-258.<\/p>\n<p>\u201eWillkommen\u201c. Zur Geschichte schriftlicher Gru\u00dfworte hessischer Oberb\u00fcrgermeister, in: Archiv f\u00fcr hessische Geschichte und Altertumskunde, 67, 2009, S. 351-361.<\/p>\n<p>Die Schirmherrschaft. Zu ihren Anf\u00e4ngen und ihrer Historie bei Oberb\u00fcrgermeistern in Hessen, in: Archiv f\u00fcr hessische Geschichte und Altertumskunde, 69, 2011, S. 307-325.<\/p>\n<p>Zur Entstehungsgeschichte des Goldenen Buches der St\u00e4dte, in: Die alte Stadt. Vierteljahreszeitschrift f\u00fcr Stadtgeschichte, Stadtsoziologie, Denkmalpflege und Stadtentwicklung, 34, 2007, H. 3, S. 247-253.<\/p>\n<p>Die unbekannte Geschichte des Goldenen Buches, in: Der St\u00e4dtetag, 60, 2007, H. 7, S. 33-35.<\/p>\n<p><a href=\"https:\/\/www.staedtebund.gv.at\/oegz\/archiv-bis-2009\/details\/?tx_ttnews%5Btt_news%5D=112664&amp;cHash=6407bbeaf3cce578e9db9184fa718ac4\">Glanz auf Papier<\/a>. Zur Geschichte des Goldenen Buches der St\u00e4dte, in: \u00d6sterreichische Gemeindezeitung, 74, 2008, H. 10, S. 33f.<\/p>\n<p><a href=\"https:\/\/gunter-stemmler.de\/wp-content\/uploads\/2015\/07\/jung-und-wienerisch.pdf\">Jung und wienerisch<\/a> &#8211; die Rektorskette, in: dieUniversitaet.at am 15.12.2002. (Die Online-Zeitung ist nicht mehr abrufbar.)<\/p>\n\n\n<p><\/p>\n","protected":false},"excerpt":{"rendered":"<p>Gunter Stemmler \u201ewar w\u00e4hrend seines Geschichtsstudiums an der Universit\u00e4t Hannover Wisenschaftliche Hilfskraft vor allem bei Prof. Dr. Brigide Schwarz und Prof. Dr. Otto Gerhard Oexle. Er arbeitete von 1987 bis 1992 als Wissenschaftlicher Mitarbeiter der Fachjournalistik Geschichte an der Justus-Liebig-Universit\u00e4t Gie\u00dfen.\u201c \u201eStemmler wurde 2001 an der Goethe-Universit\u00e4t promoviert &#8230;\u00b4; sein Doktorvater war Prof. Dr. Lothar [&hellip;]<\/p>\n","protected":false},"author":1,"featured_media":0,"parent":0,"menu_order":0,"comment_status":"closed","ping_status":"open","template":"","meta":{"footnotes":""},"class_list":["post-56","page","type-page","status-publish","hentry"],"_links":{"self":[{"href":"https:\/\/gunter-stemmler.de\/index.php?rest_route=\/wp\/v2\/pages\/56","targetHints":{"allow":["GET"]}}],"collection":[{"href":"https:\/\/gunter-stemmler.de\/index.php?rest_route=\/wp\/v2\/pages"}],"about":[{"href":"https:\/\/gunter-stemmler.de\/index.php?rest_route=\/wp\/v2\/types\/page"}],"author":[{"embeddable":true,"href":"https:\/\/gunter-stemmler.de\/index.php?rest_route=\/wp\/v2\/users\/1"}],"replies":[{"embeddable":true,"href":"https:\/\/gunter-stemmler.de\/index.php?rest_route=%2Fwp%2Fv2%2Fcomments&post=56"}],"version-history":[{"count":21,"href":"https:\/\/gunter-stemmler.de\/index.php?rest_route=\/wp\/v2\/pages\/56\/revisions"}],"predecessor-version":[{"id":424,"href":"https:\/\/gunter-stemmler.de\/index.php?rest_route=\/wp\/v2\/pages\/56\/revisions\/424"}],"wp:attachment":[{"href":"https:\/\/gunter-stemmler.de\/index.php?rest_route=%2Fwp%2Fv2%2Fmedia&parent=56"}],"curies":[{"name":"wp","href":"https:\/\/api.w.org\/{rel}","templated":true}]}}