{"id":58,"date":"2015-07-18T11:55:38","date_gmt":"2015-07-18T09:55:38","guid":{"rendered":"http:\/\/www.gunter-stemmler.de\/?page_id=58"},"modified":"2025-06-25T13:10:21","modified_gmt":"2025-06-25T11:10:21","slug":"erinnerungskultur-geschichtsbewusstsein","status":"publish","type":"page","link":"https:\/\/gunter-stemmler.de\/?page_id=58","title":{"rendered":"Erinnerungskultur &#038; Geschichtsbewu\u00dftsein"},"content":{"rendered":"<p>Als Geistes- und Sozialwissenschaftler hat er\u00a0ein \u201eStudium der Mittleren und Neueren Geschichte sowie der Politischen Wissenschaften an der Universit\u00e4t Hannover\u201c abgeschlossen; aus: Die Amtskette des B\u00fcrgermeisters. Ihre Geschichte sowie ihre historische Einordnung in Deutschland, Frankfurt am Main u. a. 2002.<\/p>\n<p><img loading=\"lazy\" decoding=\"async\" class=\"alignnone size-medium wp-image-427\" src=\"https:\/\/gunter-stemmler.de\/wp-content\/uploads\/2025\/06\/Basel2025-225x300.jpg\" alt=\"\" width=\"225\" height=\"300\" srcset=\"https:\/\/gunter-stemmler.de\/wp-content\/uploads\/2025\/06\/Basel2025-225x300.jpg 225w, https:\/\/gunter-stemmler.de\/wp-content\/uploads\/2025\/06\/Basel2025.jpg 480w\" sizes=\"auto, (max-width: 225px) 100vw, 225px\" \/>\u00a0 \u00a0\u00a9 Vera Schindler-Wunderlich 2025<\/p>\n<p>Historische Vorstellungen als Teil der Geistes- und Mentalit\u00e4tsgeschichte bilden einen Forschungsschwerpunkt:<\/p>\n<p>Die Vermessung der Ehre. Zur Geschichte der Ehrenb\u00fcrger, Ehrensenatoren sowie Ehrenmitglieder an deutschen Hochschulen und an der Universit\u00e4t Frankfurt, Frankfurt am Main u. a. 2012.<\/p>\n<p><a href=\"https:\/\/gunter-stemmler.de\/wp-content\/uploads\/2015\/07\/kirchliche-zeitgeschichte_deckblatt-vorne.pdf\">Vom Nutzen der Historie<\/a> f\u00fcr das christliche Leben. Geschichtsbewu\u00dftsein und kirchliche Identit\u00e4t, in: Kirchliche Zeitgeschichte (KZG). Internationale Halbjahresschrift f\u00fcr Theologie und Geschichtswissenschaft, 7, 1994, H. 1, S. 129-136.<\/p>\n<p><a href=\"https:\/\/gunter-stemmler.de\/wp-content\/uploads\/2015\/07\/emk-studiengemeinschaft_deckblatt-vorne.pdf\">Vom Nutzen der Historie<\/a> f\u00fcr das kirchliche Leben. Geschichtsbewu\u00dftsein und methodistische Identit\u00e4t, in: Mitteilungen der Studiengemeinschaft f\u00fcr Geschichte der Evangelisch-methodistischen Kirche, 12, 1991, H. 2, S. 3-12.<\/p>\n<p>Geschichtsbewu\u00dftsein und Demoskopie. Probleme, Beispiele, Perspektiven, in: Fachjournalismus im Gespr\u00e4ch, 4\/1988, S. 47-59.<\/p>\n<p>Geschichtsbewu\u00dftsein in den USA. Eine Sekund\u00e4ranalyse demoskopischer Daten, in: Fachjournalismus im Gespr\u00e4ch, 6\/1990, S. 36-54.<\/p>\n<p>Das Deutsche Handwerkszeichen. Eine historische Spurensuche zu seinem Aufkommen, in: Herold-Jahrbuch, N.F. 18, 2013, S. 229-234.<\/p>\n<p>Phantasievoll, gl\u00e4nzend, selbstbewu\u00dft. Die unzutreffende Vorstellung von der mittelalterlichen B\u00fcrgermeisterkette und K\u00fcnstler in Wien, in: Wiener Geschichtsbl\u00e4tter, 57, 2002, H. 3, S. 245-250.<\/p>\n<p><a href=\"https:\/\/gunter-stemmler.de\/wp-content\/uploads\/2015\/07\/WebTextSentenzen.pdf\">Sentenzen zur Historik.<\/a>\u00a0[Privatdruck 1996].<\/p>\n","protected":false},"excerpt":{"rendered":"<p>Als Geistes- und Sozialwissenschaftler hat er\u00a0ein \u201eStudium der Mittleren und Neueren Geschichte sowie der Politischen Wissenschaften an der Universit\u00e4t Hannover\u201c abgeschlossen; aus: Die Amtskette des B\u00fcrgermeisters. Ihre Geschichte sowie ihre historische Einordnung in Deutschland, Frankfurt am Main u. a. 2002. \u00a0 \u00a0\u00a9 Vera Schindler-Wunderlich 2025 Historische Vorstellungen als Teil der Geistes- und Mentalit\u00e4tsgeschichte bilden einen [&hellip;]<\/p>\n","protected":false},"author":1,"featured_media":0,"parent":0,"menu_order":0,"comment_status":"closed","ping_status":"open","template":"","meta":{"footnotes":""},"class_list":["post-58","page","type-page","status-publish","hentry"],"_links":{"self":[{"href":"https:\/\/gunter-stemmler.de\/index.php?rest_route=\/wp\/v2\/pages\/58","targetHints":{"allow":["GET"]}}],"collection":[{"href":"https:\/\/gunter-stemmler.de\/index.php?rest_route=\/wp\/v2\/pages"}],"about":[{"href":"https:\/\/gunter-stemmler.de\/index.php?rest_route=\/wp\/v2\/types\/page"}],"author":[{"embeddable":true,"href":"https:\/\/gunter-stemmler.de\/index.php?rest_route=\/wp\/v2\/users\/1"}],"replies":[{"embeddable":true,"href":"https:\/\/gunter-stemmler.de\/index.php?rest_route=%2Fwp%2Fv2%2Fcomments&post=58"}],"version-history":[{"count":15,"href":"https:\/\/gunter-stemmler.de\/index.php?rest_route=\/wp\/v2\/pages\/58\/revisions"}],"predecessor-version":[{"id":430,"href":"https:\/\/gunter-stemmler.de\/index.php?rest_route=\/wp\/v2\/pages\/58\/revisions\/430"}],"wp:attachment":[{"href":"https:\/\/gunter-stemmler.de\/index.php?rest_route=%2Fwp%2Fv2%2Fmedia&parent=58"}],"curies":[{"name":"wp","href":"https:\/\/api.w.org\/{rel}","templated":true}]}}