{"id":60,"date":"2015-07-18T12:00:14","date_gmt":"2015-07-18T10:00:14","guid":{"rendered":"http:\/\/www.gunter-stemmler.de\/?page_id=60"},"modified":"2022-05-27T21:59:45","modified_gmt":"2022-05-27T19:59:45","slug":"methodismus","status":"publish","type":"page","link":"https:\/\/gunter-stemmler.de\/?page_id=60","title":{"rendered":"Methodismus"},"content":{"rendered":"<p>Seit meiner Jugend bin ich Mitglied der Evangelisch-methodistischen Kirche und sehe mich verwurzelt im theologischen Denken John Wesleys.<\/p>\n<p><a href=\"\/wp-content\/uploads\/2016\/01\/Kirche-in-Bewegung.pdf\" target=\"_blank\" rel=\"noopener\">Eine Kirche in Bewegung<\/a>. Die Bisch\u00f6fliche Methodistenkirche im Deutschen Reich w\u00e4hrend der Weimarer Republik, Stuttgart 1987. (Beitr\u00e4ge zur Geschichte der Evangelisch-methodistischen Kirche, 29)<\/p>\n<p>Die Bisch\u00f6fliche Methodistenkirche in der Weimarer Republik. Gedanken zu Grundz\u00fcgen ihrer Geschichte, in: Freikirchenforschung, Nr. 21, 2012, S. 65-75. (Die folgenden Angaben wurden dort leider eingangs entfernt: <i>\u201eDer Vortrag auf der Fr\u00fchjahrstagung 2011 des Vereins f\u00fcr Freikirchenforschung war dem Wunsche nach in einer Form, die pr\u00e4gnant, w\u00fcrzig und diskussionsanregend ist; er fu\u00dft auf Erinnerungen an meine Magisterarbeit, die sich im Zentralarchiv der Evangelisch-methodistischen Kirche &#8230; befindet. Die Magisterarbeit wurde leicht gek\u00fcrzt ver\u00f6ffentlicht &#8230; Die K\u00fcrzungen betreffen vor allem zwei Exkurse: zum einen \u00fcber das Verh\u00e4ltnis zum Mehrheitsprotestantismus und zum anderen \u00fcber .. Bischof &#8230; John L. Nuelsen; dar\u00fcber hinaus reduzierte ich sehr den Umfang der Fu\u00dfnoten. Einige gesellschaftspolitische Aspekte finden sich zugespitzt in meinem Artikel: \u00b4Reduzieren &#8230;\u00b4 Zur Aktualisierung habe ich Literaturhinweise in dieser schriftlichen Fassung des Vortrags aufgef\u00fchrt.\u201c)<\/i><\/p>\n<p>Die Entdeckung eines vergessenen Buches. Bibliographische Notizen zur ersten deutschen \u00dcbersetzung von Wesley-Predigten, in: Mitteilungen der Studiengemeinschaft f\u00fcr Geschichte der Evangelisch-methodistischen Kirche, 8, 1987, H. 2, S. 21-25.<\/p>\n<p>Reduzieren internationale Kontakte Vorurteile? Als Beispiel die Bisch\u00f6fliche Methodistenkirche w\u00e4hrend der Weimarer Zeit, in: Kirchliche Zeitgeschichte (KZG). Internationale Halbjahreszeitschrift f\u00fcr Theologie und Geschichtswissenschaft, 12, 1999, H. 1, S. 143-148. (<a href=\"\/wp-content\/uploads\/2015\/07\/WebTextDemocracy.pdf\">How Democracy had Influenced German Conservatives &#8230;<\/a>)<\/p>\n<p>Die letzten Mieter der Nikolaikapelle, in: Hannoversche Geschichtsbl\u00e4tter, N.F. 55\/56, 2001\/2, S. 175-178.<\/p>\n<p><a href=\"\/wp-content\/uploads\/2015\/07\/WebTextWesley.pdf\">John Wesley. Vier ausgew\u00e4hlte Predigten<\/a>, Privatdruck (1986) 1998.<\/p>\n<figure id=\"attachment_160\" aria-describedby=\"caption-attachment-160\" style=\"width: 225px\" class=\"wp-caption alignright\"><a href=\"\/wp-content\/uploads\/2015\/10\/CIMG4680_klein.jpg\"><img loading=\"lazy\" decoding=\"async\" class=\"wp-image-160 size-medium\" src=\"https:\/\/gunter-stemmler.de\/wp-content\/uploads\/2015\/10\/CIMG4680_klein-225x300.jpg\" alt=\"\u00a9 2015 Sr. Heidemarie Schumann\" width=\"225\" height=\"300\" srcset=\"https:\/\/gunter-stemmler.de\/wp-content\/uploads\/2015\/10\/CIMG4680_klein-225x300.jpg 225w, https:\/\/gunter-stemmler.de\/wp-content\/uploads\/2015\/10\/CIMG4680_klein.jpg 300w\" sizes=\"auto, (max-width: 225px) 100vw, 225px\" \/><\/a><figcaption id=\"caption-attachment-160\" class=\"wp-caption-text\">\u00a9 2015 Sr. Heidemarie Schumann<\/figcaption><\/figure>\n<figure id=\"attachment_159\" aria-describedby=\"caption-attachment-159\" style=\"width: 300px\" class=\"wp-caption alignleft\"><a href=\"\/wp-content\/uploads\/2015\/10\/CIMG4678_klein.jpg\"><img loading=\"lazy\" decoding=\"async\" class=\"wp-image-159 size-medium\" src=\"https:\/\/gunter-stemmler.de\/wp-content\/uploads\/2015\/10\/CIMG4678_klein-300x225.jpg\" alt=\"\u00a9 2015 Sr. Heidemarie Schumann\" width=\"300\" height=\"225\" srcset=\"https:\/\/gunter-stemmler.de\/wp-content\/uploads\/2015\/10\/CIMG4678_klein-300x225.jpg 300w, https:\/\/gunter-stemmler.de\/wp-content\/uploads\/2015\/10\/CIMG4678_klein.jpg 400w\" sizes=\"auto, (max-width: 300px) 100vw, 300px\" \/><\/a><figcaption id=\"caption-attachment-159\" class=\"wp-caption-text\">\u00a9 2015 Sr. Heidemarie Schumann<\/figcaption><\/figure>\n","protected":false},"excerpt":{"rendered":"<p>Seit meiner Jugend bin ich Mitglied der Evangelisch-methodistischen Kirche und sehe mich verwurzelt im theologischen Denken John Wesleys. Eine Kirche in Bewegung. Die Bisch\u00f6fliche Methodistenkirche im Deutschen Reich w\u00e4hrend der Weimarer Republik, Stuttgart 1987. (Beitr\u00e4ge zur Geschichte der Evangelisch-methodistischen Kirche, 29) Die Bisch\u00f6fliche Methodistenkirche in der Weimarer Republik. Gedanken zu Grundz\u00fcgen ihrer Geschichte, in: Freikirchenforschung, [&hellip;]<\/p>\n","protected":false},"author":1,"featured_media":0,"parent":0,"menu_order":0,"comment_status":"closed","ping_status":"open","template":"","meta":{"footnotes":""},"class_list":["post-60","page","type-page","status-publish","hentry"],"_links":{"self":[{"href":"https:\/\/gunter-stemmler.de\/index.php?rest_route=\/wp\/v2\/pages\/60","targetHints":{"allow":["GET"]}}],"collection":[{"href":"https:\/\/gunter-stemmler.de\/index.php?rest_route=\/wp\/v2\/pages"}],"about":[{"href":"https:\/\/gunter-stemmler.de\/index.php?rest_route=\/wp\/v2\/types\/page"}],"author":[{"embeddable":true,"href":"https:\/\/gunter-stemmler.de\/index.php?rest_route=\/wp\/v2\/users\/1"}],"replies":[{"embeddable":true,"href":"https:\/\/gunter-stemmler.de\/index.php?rest_route=%2Fwp%2Fv2%2Fcomments&post=60"}],"version-history":[{"count":13,"href":"https:\/\/gunter-stemmler.de\/index.php?rest_route=\/wp\/v2\/pages\/60\/revisions"}],"predecessor-version":[{"id":377,"href":"https:\/\/gunter-stemmler.de\/index.php?rest_route=\/wp\/v2\/pages\/60\/revisions\/377"}],"wp:attachment":[{"href":"https:\/\/gunter-stemmler.de\/index.php?rest_route=%2Fwp%2Fv2%2Fmedia&parent=60"}],"curies":[{"name":"wp","href":"https:\/\/api.w.org\/{rel}","templated":true}]}}