{"id":63,"date":"2015-07-18T12:03:11","date_gmt":"2015-07-18T10:03:11","guid":{"rendered":"http:\/\/www.gunter-stemmler.de\/?page_id=63"},"modified":"2026-01-19T15:56:18","modified_gmt":"2026-01-19T14:56:18","slug":"medien","status":"publish","type":"page","link":"https:\/\/gunter-stemmler.de\/?page_id=63","title":{"rendered":"Medien"},"content":{"rendered":"<p>Beruflich habe ich gewirkt als Wissenschaftlicher Mitarbeiter der Fachjournalistik \/ Didaktik der Geschichte an der Justus-Liebig-Universit\u00e4t Gie\u00dfen von 1987 bis 1992, in Frankfurt am Main als Referent der Stadtverordnetenvorsteherin Petra Roth von 1993 bis 1994, danach von drei Stadtverordnetenvorstehern sowie schlie\u00dflich f\u00fcr die Oberb\u00fcrgermeisterin von 2002 bis 2010, u. a. verantwortlich f\u00fcr die politische Kommunikation (Pressearbeit und Redenschreiben).<\/p>\n<p>Zum Geschichtsbild der Bundesrepublik Deutschland im Jubil\u00e4umsjahr 1989. Eine quantitativ-qualitative Analyse dokumentarischer Fernsehsendungen unter geschichtsdidaktischer Perspektive, Diss. PH Schw\u00e4bisch Gm\u00fcnd 2017.<\/p>\n<p><a href=\"\/wp-content\/uploads\/2015\/07\/KlarerKopf2016.pdf\">Klarer Kopf trotz matter Scheibe.<\/a> Tips zum sinnvollen Umgang mit den Medien, Gie\u00dfen 1998.<img loading=\"lazy\" decoding=\"async\" class=\"alignnone  wp-image-262\" src=\"https:\/\/gunter-stemmler.de\/wp-content\/uploads\/2016\/09\/matte-scheibe-2016-180x300.png\" alt=\"Klarer Kopf trotz matter Scheibe\" width=\"106\" height=\"177\" srcset=\"https:\/\/gunter-stemmler.de\/wp-content\/uploads\/2016\/09\/matte-scheibe-2016-180x300.png 180w, https:\/\/gunter-stemmler.de\/wp-content\/uploads\/2016\/09\/matte-scheibe-2016.png 240w\" sizes=\"auto, (max-width: 106px) 100vw, 106px\" \/><\/p>\n<p><a href=\"\/wp-content\/uploads\/2015\/07\/lebsprachen.2010.004.pdf\">Englische Parlamentsromane<\/a> als realistische Einblicke in die Begriffswelt der Politiker, in: Lebende Sprachen. Zeitschrift f\u00fcr interlinguale und interkulturelle Kommunikation, 55, 2010, H. 1, S. 50-53. <a href=\"http:\/\/www.degruyter.com\/view\/j\/les.2010.55.issue-1\/les.2010.004\/les.2010.004.xml\" target=\"_blank\" rel=\"noopener noreferrer\">[www.degruyter.com\/view\/j\/les.2010.55.issue-1\/les.2010.004\/les.2010.004.xml]<\/a><\/p>\n<p>Das Image des Politikers &#8211; ein Gestaltungsobjekt, in: Kommunalpolitische Bl\u00e4tter, 1996, H. 9, S. 696f.<\/p>\n<p><a href=\"\/wp-content\/uploads\/2015\/07\/WebTextGratitude.pdf\">Attitudinal Gratitude. An Essay in Political Science.<\/a><\/p>\n<p>US TV-Series &#8211; Religious thoughts &#8230; <a href=\"\/wp-content\/uploads\/2021\/01\/StemmlerSuper.pdf\">StemmlerSuper<\/a><\/p>\n<p><a href=\"https:\/\/shop.tredition.com\/booktitle\/parliamentary_novels__political_movies\/W-858-451-320\" target=\"_blank\" rel=\"noopener\">Parliamentary Novels &amp; Political Movies. Der 1000 &amp; 1000 Katalog, Ahrensburg 2023.<\/a><\/p>\n<p>Die Theatersynode. Ein historischer Reise-Roman, Hamburg 2020. <img loading=\"lazy\" decoding=\"async\" class=\"wp-image-334 alignright\" src=\"http:\/\/www.gunter-stemmler.de\/wp-content\/uploads\/2020\/07\/0038f846-fb8c-40fa-bd7c-9699d8d5173b-1-196x300.jpg\" alt=\"\" width=\"86\" height=\"132\" srcset=\"https:\/\/gunter-stemmler.de\/wp-content\/uploads\/2020\/07\/0038f846-fb8c-40fa-bd7c-9699d8d5173b-1-196x300.jpg 196w, https:\/\/gunter-stemmler.de\/wp-content\/uploads\/2020\/07\/0038f846-fb8c-40fa-bd7c-9699d8d5173b-1-768x1178.jpg 768w, https:\/\/gunter-stemmler.de\/wp-content\/uploads\/2020\/07\/0038f846-fb8c-40fa-bd7c-9699d8d5173b-1-668x1024.jpg 668w, https:\/\/gunter-stemmler.de\/wp-content\/uploads\/2020\/07\/0038f846-fb8c-40fa-bd7c-9699d8d5173b-1.jpg 1849w\" sizes=\"auto, (max-width: 86px) 100vw, 86px\" \/><\/p>\n<p>&nbsp;<\/p>\n<p>Links:<\/p>\n<p><a href=\"https:\/\/www.pfarrerverband.de\/rezension-detailansicht?tx_news_pi1%5Baction%5D=detail&amp;tx_news_pi1%5Bcontroller%5D=News&amp;tx_news_pi1%5Bnews%5D=266&amp;cHash=f1ffea426094d588a26e6b8894874994\">Michael Edwards: Bible et po\u00e9sie<\/a><\/p>\n<p><a href=\"https:\/\/www.fontis-shop.de\/products\/crazy-world\">Markus Spieker: Crazy World<\/a><\/p>\n<p><a href=\"https:\/\/www.springerprofessional.de\/gruenes-wachstum\/23270074\">Hans-J\u00f6rg Naumer: Gr\u00fcnes Wachstum<\/a><\/p>\n<p><a href=\"https:\/\/www.wallstein-verlag.de\/9783835334557-alle-wege-fuehren-ueber-rom.html\">Brigide Schwarz: Alle Wege f\u00fchren \u00fcber Rom<\/a><\/p>\n<p><a href=\"https:\/\/www.herder.de\/geschichte-politik\/shop\/p4\/60950-person-und-ordnung-ebook-epub\/\">Matthias Zimmer: Person und Ordnung<\/a><\/p>\n<p><a href=\"https:\/\/www.peterlang.com\/document\/1104329\">Thomas Schindler-Wunderlich: Kritik der neuzeitlichen Wunderkritik<\/a><\/p>\n\n\n<p><a href=\"https:\/\/www.fr.de\/frankfurt\/terminnot-12830081.html\">Die Vergessenen<\/a><\/p>\n","protected":false},"excerpt":{"rendered":"<p>Beruflich habe ich gewirkt als Wissenschaftlicher Mitarbeiter der Fachjournalistik \/ Didaktik der Geschichte an der Justus-Liebig-Universit\u00e4t Gie\u00dfen von 1987 bis 1992, in Frankfurt am Main als Referent der Stadtverordnetenvorsteherin Petra Roth von 1993 bis 1994, danach von drei Stadtverordnetenvorstehern sowie schlie\u00dflich f\u00fcr die Oberb\u00fcrgermeisterin von 2002 bis 2010, u. a. verantwortlich f\u00fcr die politische Kommunikation [&hellip;]<\/p>\n","protected":false},"author":1,"featured_media":0,"parent":0,"menu_order":0,"comment_status":"closed","ping_status":"open","template":"","meta":{"footnotes":""},"class_list":["post-63","page","type-page","status-publish","hentry"],"_links":{"self":[{"href":"https:\/\/gunter-stemmler.de\/index.php?rest_route=\/wp\/v2\/pages\/63","targetHints":{"allow":["GET"]}}],"collection":[{"href":"https:\/\/gunter-stemmler.de\/index.php?rest_route=\/wp\/v2\/pages"}],"about":[{"href":"https:\/\/gunter-stemmler.de\/index.php?rest_route=\/wp\/v2\/types\/page"}],"author":[{"embeddable":true,"href":"https:\/\/gunter-stemmler.de\/index.php?rest_route=\/wp\/v2\/users\/1"}],"replies":[{"embeddable":true,"href":"https:\/\/gunter-stemmler.de\/index.php?rest_route=%2Fwp%2Fv2%2Fcomments&post=63"}],"version-history":[{"count":100,"href":"https:\/\/gunter-stemmler.de\/index.php?rest_route=\/wp\/v2\/pages\/63\/revisions"}],"predecessor-version":[{"id":439,"href":"https:\/\/gunter-stemmler.de\/index.php?rest_route=\/wp\/v2\/pages\/63\/revisions\/439"}],"wp:attachment":[{"href":"https:\/\/gunter-stemmler.de\/index.php?rest_route=%2Fwp%2Fv2%2Fmedia&parent=63"}],"curies":[{"name":"wp","href":"https:\/\/api.w.org\/{rel}","templated":true}]}}