{"id":67,"date":"2015-07-18T12:13:38","date_gmt":"2015-07-18T10:13:38","guid":{"rendered":"http:\/\/www.gunter-stemmler.de\/?page_id=67"},"modified":"2018-05-03T18:08:21","modified_gmt":"2018-05-03T16:08:21","slug":"impressum","status":"publish","type":"page","link":"https:\/\/gunter-stemmler.de\/?page_id=67","title":{"rendered":"Impressum"},"content":{"rendered":"<h5>Betreiber &amp; Verantwortlicher f\u00fcr den Inhalt (gem. \u00a755 Abs. 2 RStV)<\/h5>\n<p>Dr. Gunter Stemmler M.A.<\/p>\n<p>G\u00e4rtnerweg 12<\/p>\n<p>60322 Frankfurt \/ Main<\/p>\n<p>Email: <a href=\"mailto:info@gunter-stemmler.de\">info@gunter-stemmler.de<\/a><\/p>\n<h5>Bildrechte<\/h5>\n<p>Startseite: David Rhee (2015)<\/p>\n<p>Seite Glauben &amp; Leben: Stefan Kunkel (2014)<\/p>\n<p>Seite Methodismus: Sr. Heidemarie Schumann (2015)<\/p>\n<h5>Disclaimer &#8211; rechtliche Hinweise<\/h5>\n<h6>\u00a71 Haftungsbeschr\u00e4nkung<\/h6>\n<p>Alle Inhalte dieser Website werden mit gr\u00f6\u00dftm\u00f6glicher Sorgfalt erstellt. Dennoch werden weder Richtigkeit, Vollst\u00e4ndigkeit noch Aktualit\u00e4t gew\u00e4hrleistet. Die Nutzung der Seite erfolgt auf eigene Gefahr des Nutzers. Mit der Nutzung allein kommt kein Vertragsverh\u00e4ltnis zwischen Betreiber und Nutzer zustande.<\/p>\n<h6>\u00a72 Externe Links<\/h6>\n<p>Diese Website verweist auf Websites Dritter mittels externer Links \/ Verkn\u00fcpfungen. Die Inhalte verlinkter Websites unterliegen der Haftung der jeweiligen Betreiber. Die Inhalte der verlinkten Websites, wurden zum Zeitpunkt, als der externe Links gesetzt wurde, dahingehend gepr\u00fcft, ob sie gegen geltendes Recht versto\u00dfen. Verst\u00f6\u00dfe waren nicht erkennbar. Der Betreiber dieser Website hat keinen Einfluss auf den gegenw\u00e4rtigen oder zuk\u00fcnftigen Inhalt der verlinkten Websites. Auch ist eine st\u00e4ndige Kontrolle der Inhalte nicht zumutbar. Das Setzen des Links bedeutet nicht, dass sich der Betreiber die Inhalte zu Eigen macht. Bei Kenntnis von Rechtsverst\u00f6\u00dfen werden externe Links entfernt.<\/p>\n<h6>\u00a73 Urheberrecht &amp; Leistungsschutzrecht<\/h6>\n<p>Die Inhalte dieser Website unterliegen dem deutschen Urheber- und Leistungsschutzrecht. Jede rechtlich nicht zugelassene Verwendung, insbesondere kommerziell, bedarf der schriftlichen Zustimmung des Betreibers. Die Darstellung dieser Website in fremden Frames bedarf ebenfalls der schriftlichen Zustimmung des Betreibers.<\/p>\n<h6>\u00a74 Datenschutz<\/h6>\n<p><strong>a ) Zugriffsdaten<\/strong><\/p>\n<p>Der Betreiber erhebt Daten \u00fcber Zugriffe auf die Seite und speichert diese als &#8222;Server-Logfiles&#8220; ab. Folgende Daten werden so protokolliert: die besuchte Seite; Datum und Uhrzeit des Zugriffs; Menge der gesendeten Daten in Byte; Quelle \/ Verweis, von dem aus zugegriffen wurde; verwendeter Browser; verwendetes Betriebssystem; verwendete IP-Adresse.<\/p>\n<p>Die erhobenen Daten dienen lediglich statistischen Auswertungen und zur Verbesserung der Website. Der Websitebetreiber beh\u00e4lt sich allerdings vor, die Server-Logfiles nachtr\u00e4glich zu \u00fcberpr\u00fcfen, sollten konkrete Anhaltspunkte auf eine rechtswidrige Nutzung hinweisen.<\/p>\n<p><strong>b) Cookies<\/strong><\/p>\n<p>Cookies werden keine gesetzt.<\/p>\n<p><strong>c) Umgang mit personenbezogenen Daten<\/strong><\/p>\n<p>Der Websitebetreiber erhebt, nutzt und gibt Ihre personenbezogenen Daten nur dann weiter, wenn dies im gesetzlichen Rahmen erlaubt ist oder Sie in die Datenerhebung einwilligen.<br \/>\nAls personenbezogene Daten gelten s\u00e4mtliche Informationen, welche dazu dienen, Ihre Person zu bestimmen und welche zu Ihnen zur\u00fcckverfolgt werden k\u00f6nnen \u2013 also beispielsweise Ihr Name, Ihre E-Mail-Adresse und Telefonnummer.<\/p>\n<p>Personenbezogene Daten werden bei der Nutzung der Website nicht erhoben.<\/p>\n<p><strong>d) Umgang mit Kontaktdaten<\/strong><\/p>\n<p>Nehmen Sie mit dem Betreiber \u00fcber die angebotenen Kontaktm\u00f6glichkeiten Verbindung auf, werden Ihre Angaben gespeichert, damit auf diese zur Bearbeitung und Beantwortung Ihrer Anfrage zur\u00fcckgegriffen werden kann. Ohne Ihre Einwilligung werden diese Daten nicht an Dritte weitergegeben.<\/p>\n<p><strong>e) Analyse-Dienste und Social Plugins<\/strong><\/p>\n<p>Diese Website verwendet keine Analysedienste oder Plugins sozialer Netzwerke.<\/p>\n<p><strong>f) Rechte des Nutzers<\/strong><\/p>\n<p>Sie als Nutzer erhalten auf Antrag Ihrerseits kostenlose Auskunft dar\u00fcber, welche personenbezogenen Daten \u00fcber Sie gespeichert wurden. Sofern Ihr Wunsch nicht mit einer gesetzlichen Pflicht zur Aufbewahrung von Daten (z. B. Vorratsdatenspeicherung) kollidiert, haben Sie ein Anrecht auf Berichtigung falscher Daten und auf die Sperrung oder L\u00f6schung Ihrer personenbezogenen Daten.<\/p>\n","protected":false},"excerpt":{"rendered":"<p>Betreiber &amp; Verantwortlicher f\u00fcr den Inhalt (gem. \u00a755 Abs. 2 RStV) Dr. Gunter Stemmler M.A. G\u00e4rtnerweg 12 60322 Frankfurt \/ Main Email: info@gunter-stemmler.de Bildrechte Startseite: David Rhee (2015) Seite Glauben &amp; Leben: Stefan Kunkel (2014) Seite Methodismus: Sr. Heidemarie Schumann (2015) Disclaimer &#8211; rechtliche Hinweise \u00a71 Haftungsbeschr\u00e4nkung Alle Inhalte dieser Website werden mit gr\u00f6\u00dftm\u00f6glicher Sorgfalt [&hellip;]<\/p>\n","protected":false},"author":1,"featured_media":0,"parent":0,"menu_order":0,"comment_status":"closed","ping_status":"open","template":"","meta":{"footnotes":""},"class_list":["post-67","page","type-page","status-publish","hentry"],"_links":{"self":[{"href":"https:\/\/gunter-stemmler.de\/index.php?rest_route=\/wp\/v2\/pages\/67","targetHints":{"allow":["GET"]}}],"collection":[{"href":"https:\/\/gunter-stemmler.de\/index.php?rest_route=\/wp\/v2\/pages"}],"about":[{"href":"https:\/\/gunter-stemmler.de\/index.php?rest_route=\/wp\/v2\/types\/page"}],"author":[{"embeddable":true,"href":"https:\/\/gunter-stemmler.de\/index.php?rest_route=\/wp\/v2\/users\/1"}],"replies":[{"embeddable":true,"href":"https:\/\/gunter-stemmler.de\/index.php?rest_route=%2Fwp%2Fv2%2Fcomments&post=67"}],"version-history":[{"count":13,"href":"https:\/\/gunter-stemmler.de\/index.php?rest_route=\/wp\/v2\/pages\/67\/revisions"}],"predecessor-version":[{"id":308,"href":"https:\/\/gunter-stemmler.de\/index.php?rest_route=\/wp\/v2\/pages\/67\/revisions\/308"}],"wp:attachment":[{"href":"https:\/\/gunter-stemmler.de\/index.php?rest_route=%2Fwp%2Fv2%2Fmedia&parent=67"}],"curies":[{"name":"wp","href":"https:\/\/api.w.org\/{rel}","templated":true}]}}